{"id":647,"date":"2024-02-29T16:06:39","date_gmt":"2024-02-29T16:06:39","guid":{"rendered":"https:\/\/urgences-aines.ca\/?page_id=647"},"modified":"2024-03-20T09:13:33","modified_gmt":"2024-03-20T09:13:33","slug":"privacy-policy","status":"publish","type":"page","link":"https:\/\/urgences-aines.ca\/en\/privacy-policy\/","title":{"rendered":"Privacy Policy"},"content":{"rendered":"\t\t<div data-elementor-type=\"wp-page\" data-elementor-id=\"647\" class=\"elementor elementor-647\" data-elementor-post-type=\"page\">\n\t\t\t\t<div class=\"elementor-element elementor-element-ea81666 e-flex e-con-boxed e-con e-parent\" data-id=\"ea81666\" data-element_type=\"container\" data-settings=\"{&quot;background_background&quot;:&quot;classic&quot;}\">\n\t\t\t\t\t<div class=\"e-con-inner\">\n\t\t<div class=\"elementor-element elementor-element-35fca58 e-con-full e-flex e-con e-child\" data-id=\"35fca58\" data-element_type=\"container\">\n\t\t\t\t<div class=\"elementor-element elementor-element-6629a17 elementor-widget elementor-widget-heading\" data-id=\"6629a17\" data-element_type=\"widget\" data-widget_type=\"heading.default\">\n\t\t\t\t<div class=\"elementor-widget-container\">\n\t\t\t<style>\/*! elementor - v3.23.0 - 15-07-2024 *\/\n.elementor-heading-title{padding:0;margin:0;line-height:1}.elementor-widget-heading .elementor-heading-title[class*=elementor-size-]>a{color:inherit;font-size:inherit;line-height:inherit}.elementor-widget-heading .elementor-heading-title.elementor-size-small{font-size:15px}.elementor-widget-heading .elementor-heading-title.elementor-size-medium{font-size:19px}.elementor-widget-heading .elementor-heading-title.elementor-size-large{font-size:29px}.elementor-widget-heading .elementor-heading-title.elementor-size-xl{font-size:39px}.elementor-widget-heading .elementor-heading-title.elementor-size-xxl{font-size:59px}<\/style><h1 class=\"elementor-heading-title elementor-size-default\">Privacy Policy<\/h1>\t\t<\/div>\n\t\t\t\t<\/div>\n\t\t\t\t<\/div>\n\t\t\t\t\t<\/div>\n\t\t\t\t<\/div>\n\t\t<div class=\"elementor-element elementor-element-a670bc0 e-flex e-con-boxed e-con e-parent\" data-id=\"a670bc0\" data-element_type=\"container\" data-settings=\"{&quot;background_background&quot;:&quot;classic&quot;}\">\n\t\t\t\t\t<div class=\"e-con-inner\">\n\t\t\t\t<div class=\"elementor-element elementor-element-b3bd4c8 elementor-widget elementor-widget-heading\" data-id=\"b3bd4c8\" data-element_type=\"widget\" data-widget_type=\"heading.default\">\n\t\t\t\t<div class=\"elementor-widget-container\">\n\t\t\t<h2 class=\"elementor-heading-title elementor-size-default\">Introduction<\/h2>\t\t<\/div>\n\t\t\t\t<\/div>\n\t\t\t\t<div class=\"elementor-element elementor-element-e11e563 elementor-widget elementor-widget-text-editor\" data-id=\"e11e563\" data-element_type=\"widget\" data-widget_type=\"text-editor.default\">\n\t\t\t\t<div class=\"elementor-widget-container\">\n\t\t\t<style>\/*! elementor - v3.23.0 - 15-07-2024 *\/\n.elementor-widget-text-editor.elementor-drop-cap-view-stacked .elementor-drop-cap{background-color:#69727d;color:#fff}.elementor-widget-text-editor.elementor-drop-cap-view-framed .elementor-drop-cap{color:#69727d;border:3px solid;background-color:transparent}.elementor-widget-text-editor:not(.elementor-drop-cap-view-default) .elementor-drop-cap{margin-top:8px}.elementor-widget-text-editor:not(.elementor-drop-cap-view-default) .elementor-drop-cap-letter{width:1em;height:1em}.elementor-widget-text-editor .elementor-drop-cap{float:left;text-align:center;line-height:1;font-size:50px}.elementor-widget-text-editor .elementor-drop-cap-letter{display:inline-block}<\/style>\t\t\t\t<p>During the development of new communication tools, it is necessary to pay special attention to privacy protection. This is why we are committed to respect the confidentiality of the personal information that we collect on the website of <a href=\"https:\/\/urgences-aines.ca\/\">Urgences-a\u00een\u00e9s inc \/ Elder-Emergency inc.<\/a><\/p>\t\t\t\t\t\t<\/div>\n\t\t\t\t<\/div>\n\t\t\t\t<div class=\"elementor-element elementor-element-2a2016b elementor-widget elementor-widget-heading\" data-id=\"2a2016b\" data-element_type=\"widget\" data-widget_type=\"heading.default\">\n\t\t\t\t<div class=\"elementor-widget-container\">\n\t\t\t<h2 class=\"elementor-heading-title elementor-size-default\">Personal Information Collected<\/h2>\t\t<\/div>\n\t\t\t\t<\/div>\n\t\t\t\t<div class=\"elementor-element elementor-element-f662cfc elementor-widget elementor-widget-text-editor\" data-id=\"f662cfc\" data-element_type=\"widget\" data-widget_type=\"text-editor.default\">\n\t\t\t\t<div class=\"elementor-widget-container\">\n\t\t\t\t\t\t\t<p>We may collect some or all of the following information:<\/p><ul><li>Last name<\/li><li>First name<\/li><li>Postal address<\/li><li>Postal code<\/li><li>Email address<\/li><li>Phone number \/ Fax<\/li><li>Credit card number<\/li><li>Gender \/ Sex<\/li><li>Age \/ Date of birth<\/li><\/ul><p>The personal information is collected through forms and due to the interactivity, that is established between you and our website. We also use, as indicated in the following sections, cookies, log files, and web beacons to group information about you.<\/p>\t\t\t\t\t\t<\/div>\n\t\t\t\t<\/div>\n\t\t\t\t<div class=\"elementor-element elementor-element-b0efdf7 elementor-widget elementor-widget-heading\" data-id=\"b0efdf7\" data-element_type=\"widget\" data-widget_type=\"heading.default\">\n\t\t\t\t<div class=\"elementor-widget-container\">\n\t\t\t<h2 class=\"elementor-heading-title elementor-size-default\">Forms and Interactivity<\/h2>\t\t<\/div>\n\t\t\t\t<\/div>\n\t\t\t\t<div class=\"elementor-element elementor-element-541464f elementor-widget elementor-widget-text-editor\" data-id=\"541464f\" data-element_type=\"widget\" data-widget_type=\"text-editor.default\">\n\t\t\t\t<div class=\"elementor-widget-container\">\n\t\t\t\t\t\t\t<p>Your personal information is collected from forms and is transmitted to us. This could include:<\/p><ul><li>Forms, including order forms<\/li><li>Survey<\/li><li>Contests<\/li><\/ul><p>We could use the information collected for the following purposes:<\/p><ul><li>Order tracking<\/li><li>To provide you with information \/ Promotional offers<\/li><li>Statistics<\/li><li>Contact<\/li><li>Website management (presentation, organisation)<\/li><\/ul><p>Your information could also be collected through the interactivity between you and the website, in the following manner:<\/p><ul><li>Statistics.<\/li><li>Contact.<\/li><li>Website management (presentation, organisation)<\/li><\/ul><p>We could use the information collected for the following purposes:<\/p><ul><li>Communication.<\/li><li>To provide you with information \/ Promotional offers.<\/li><\/ul>\t\t\t\t\t\t<\/div>\n\t\t\t\t<\/div>\n\t\t\t\t<div class=\"elementor-element elementor-element-878fe88 elementor-widget elementor-widget-heading\" data-id=\"878fe88\" data-element_type=\"widget\" data-widget_type=\"heading.default\">\n\t\t\t\t<div class=\"elementor-widget-container\">\n\t\t\t<h2 class=\"elementor-heading-title elementor-size-default\">Logs, Cookies and Web beacons<\/h2>\t\t<\/div>\n\t\t\t\t<\/div>\n\t\t\t\t<div class=\"elementor-element elementor-element-6b4a18d elementor-widget elementor-widget-text-editor\" data-id=\"6b4a18d\" data-element_type=\"widget\" data-widget_type=\"text-editor.default\">\n\t\t\t\t<div class=\"elementor-widget-container\">\n\t\t\t\t\t\t\t<p>We collect certain information through log files and cookies. We may use web beacons on our website and in our emails. We mainly collect the following information:<\/p><ul><li>IP address.<\/li><li>Operating system, browser, and\/or email client type.<\/li><li>Pages visited and requests.<\/li><li>Date and time of connections and\/or email being opened.<\/li><\/ul><p>The use of these files allows us to:<\/p><ul><li>Improve our service and personnalise our advertising<\/li><li>Track orders<\/li><li>Statistics<\/li><\/ul>\t\t\t\t\t\t<\/div>\n\t\t\t\t<\/div>\n\t\t\t\t<div class=\"elementor-element elementor-element-c30629c elementor-widget elementor-widget-heading\" data-id=\"c30629c\" data-element_type=\"widget\" data-widget_type=\"heading.default\">\n\t\t\t\t<div class=\"elementor-widget-container\">\n\t\t\t<h2 class=\"elementor-heading-title elementor-size-default\">Sharing of Personal Information<\/h2>\t\t<\/div>\n\t\t\t\t<\/div>\n\t\t\t\t<div class=\"elementor-element elementor-element-0aa8301 elementor-widget elementor-widget-text-editor\" data-id=\"0aa8301\" data-element_type=\"widget\" data-widget_type=\"text-editor.default\">\n\t\t\t\t<div class=\"elementor-widget-container\">\n\t\t\t\t\t\t\t<p>We could share the personal information collected with 3rd parties for the following reasons:<\/p><ul><li>Customer behaviour profile<\/li><li>Order execution<\/li><li>Advertising<\/li><\/ul><p><span style=\"font-weight: 400;\">If you do not wish for your personal information to be communicated to 3rd parties, it is possible for you to oppose this at the time the information is collected or subsequently, as explained in the following sections.<\/span><\/p>\t\t\t\t\t\t<\/div>\n\t\t\t\t<\/div>\n\t\t\t\t<div class=\"elementor-element elementor-element-4fae24c elementor-widget elementor-widget-heading\" data-id=\"4fae24c\" data-element_type=\"widget\" data-widget_type=\"heading.default\">\n\t\t\t\t<div class=\"elementor-widget-container\">\n\t\t\t<h2 class=\"elementor-heading-title elementor-size-default\">Choices for Cookies<\/h2>\t\t<\/div>\n\t\t\t\t<\/div>\n\t\t\t\t<div class=\"elementor-element elementor-element-49adabd elementor-widget elementor-widget-text-editor\" data-id=\"49adabd\" data-element_type=\"widget\" data-widget_type=\"text-editor.default\">\n\t\t\t\t<div class=\"elementor-widget-container\">\n\t\t\t\t\t\t\t<p>As explained previously, several types of cookies, for different purposes, are used on our website. Some are required to use our services. You may:<\/p><p>1. Delete and manage browser cookies, in order to remove cookies that have already been dropped and\/or to configure the browser to refuse new cookies. You can also configure your browser so that it informs websites that you don\u2019t wish to be tracked by them.<\/p><p>2. Use tools developed by 3rd parties to deactivate certain cookies.<\/p><p>\u00a0<\/p><p><strong>Option 1 : Delete and manage browser cookies.<\/strong><\/p><p>For Internet Explorer\u00ae : <a href=\"https:\/\/support.microsoft.com\/en-us\/help\/17442\/windows-internet-explorer-delete-manage-cookies\">https:\/\/support.microsoft.com\/en-us\/help\/17442\/windows-internet-explorer-delete-manage-cookies<\/a><\/p><p>For Safari\u00ae : <a href=\"https:\/\/www.apple.com\/legal\/privacy\/en-ww\/cookies\/\">https:\/\/www.apple.com\/legal\/privacy\/en-ww\/cookies\/<\/a><\/p><p>For Google Chrome\u00ae: <a href=\"https:\/\/support.google.com\/chrome\/answer\/95647?hl=en&amp;hlrm=en\">https:\/\/support.google.com\/chrome\/answer\/95647?hl=en&amp;hlrm=en<\/a><\/p><p>For Mozilla Firefox\u00ae : <a href=\"https:\/\/support.mozilla.org\/en-US\/kb\/cookies-information-websites-store-on-your-computer\">https:\/\/support.mozilla.org\/en-US\/kb\/cookies-information-websites-store-on-your-computer<\/a><\/p><p>For Opera\u00ae: <a href=\"http:\/\/help.opera.com\/Windows\/10.20\/en\/cookies.html\">http:\/\/help.opera.com\/Windows\/10.20\/en\/cookies.html<\/a><\/p><p>\u00a0<\/p><p><strong>Option 2 : Use tools developed by 3rd parties<\/strong><\/p><p>For Google\u00ae Analytics cookies to track website traffic: <a href=\"https:\/\/tools.google.com\/dlpage\/gaoptout?hl=en\">https:\/\/tools.google.com\/dlpage\/gaoptout?hl=en<\/a><\/p><p>For Google remarketing ads: <a href=\"https:\/\/support.google.com\/ads\/answer\/7395996?hl=en\">https:\/\/support.google.com\/ads\/answer\/7395996?hl=en<\/a><\/p><p>For Facebook ads: <a href=\"https:\/\/www.facebook.com\/policies\/cookies\/\">https:\/\/www.facebook.com\/policies\/cookies\/<\/a><\/p>\t\t\t\t\t\t<\/div>\n\t\t\t\t<\/div>\n\t\t\t\t<div class=\"elementor-element elementor-element-d436416 elementor-widget elementor-widget-heading\" data-id=\"d436416\" data-element_type=\"widget\" data-widget_type=\"heading.default\">\n\t\t\t\t<div class=\"elementor-widget-container\">\n\t\t\t<h2 class=\"elementor-heading-title elementor-size-default\">Email Lists, Newsletters and Advertising Sent by Email<\/h2>\t\t<\/div>\n\t\t\t\t<\/div>\n\t\t\t\t<div class=\"elementor-element elementor-element-379fbe3 elementor-widget elementor-widget-text-editor\" data-id=\"379fbe3\" data-element_type=\"widget\" data-widget_type=\"text-editor.default\">\n\t\t\t\t<div class=\"elementor-widget-container\">\n\t\t\t\t\t\t\t<p>You may choose to sign up to one of our email lists. In this case, we could send you newsletters and advertising by email. You may, at any moment, decide to modify the information you have previously provided or unsubscribe from these email lists. You may also communicate with us to request that your information be deleted and\/or exported and sent to you.<\/p>\t\t\t\t\t\t<\/div>\n\t\t\t\t<\/div>\n\t\t\t\t<div class=\"elementor-element elementor-element-5979f4a elementor-widget elementor-widget-heading\" data-id=\"5979f4a\" data-element_type=\"widget\" data-widget_type=\"heading.default\">\n\t\t\t\t<div class=\"elementor-widget-container\">\n\t\t\t<h2 class=\"elementor-heading-title elementor-size-default\">Right to Object and Right to be Forgotten<\/h2>\t\t<\/div>\n\t\t\t\t<\/div>\n\t\t\t\t<div class=\"elementor-element elementor-element-6c7053a elementor-widget elementor-widget-text-editor\" data-id=\"6c7053a\" data-element_type=\"widget\" data-widget_type=\"text-editor.default\">\n\t\t\t\t<div class=\"elementor-widget-container\">\n\t\t\t\t\t\t\t<p>We are committed to providing you with a right to object and a right to be forgotten as pertains to your personal information.<\/p><p>The right to object is the possibility offered to web users to refuse that their personal information be used for the reasons mentioned during the collection.<\/p><p>The right to be forgotten is the possibility offered to web users to request that their personal information no longer be included, for example, on an email list.<\/p><p>You may use the procedures described in the previous sections to exercise these rights. If you have any questions, please communicate with us:<\/p><p>Address: 578 Labelle Street, Saint-J\u00e9r\u00f4me (Qu\u00e9bec) J7Z5L5<br \/>Email : <a href=\"mailto:urg@urgences-aines.ca\">urg@urgences-aines.ca<\/a><br \/>Telephone : <a href=\"tel:(514) 622-9745\">(514) 622-9745<\/a><br \/>Website : <a href=\"https:\/\/urgences-aines.ca\/\">https:\/\/urgences-aines.ca\/<\/a><\/p>\t\t\t\t\t\t<\/div>\n\t\t\t\t<\/div>\n\t\t\t\t<div class=\"elementor-element elementor-element-c5302e3 elementor-widget elementor-widget-heading\" data-id=\"c5302e3\" data-element_type=\"widget\" data-widget_type=\"heading.default\">\n\t\t\t\t<div class=\"elementor-widget-container\">\n\t\t\t<h2 class=\"elementor-heading-title elementor-size-default\">Right of Access, Right of Rectification, and Right of Portability<\/h2>\t\t<\/div>\n\t\t\t\t<\/div>\n\t\t\t\t<div class=\"elementor-element elementor-element-f360aad elementor-widget elementor-widget-text-editor\" data-id=\"f360aad\" data-element_type=\"widget\" data-widget_type=\"text-editor.default\">\n\t\t\t\t<div class=\"elementor-widget-container\">\n\t\t\t\t\t\t\t<p>We are committed to providing a right of access, of rectification, and of portability to those that wish to consult, update and receive their information.<\/p><p>You may use the procedures described in the previous sections to exercise these rights. If you have any questions, please communicate with us:<\/p><p>Address: 578 Labelle Street, Saint-J\u00e9r\u00f4me (Qu\u00e9bec) J7Z5L5<br \/>Email : <a href=\"mailto:urg@urgences-aines.ca\">urg@urgences-aines.ca<\/a><br \/>Telephone : <a href=\"tel:(514) 622-9745\">(514) 622-9745<\/a><br \/>Website : <a href=\"https:\/\/urgences-aines.ca\/\">https:\/\/urgences-aines.ca\/<\/a><\/p>\t\t\t\t\t\t<\/div>\n\t\t\t\t<\/div>\n\t\t\t\t<div class=\"elementor-element elementor-element-f797227 elementor-widget elementor-widget-heading\" data-id=\"f797227\" data-element_type=\"widget\" data-widget_type=\"heading.default\">\n\t\t\t\t<div class=\"elementor-widget-container\">\n\t\t\t<h2 class=\"elementor-heading-title elementor-size-default\">Security<\/h2>\t\t<\/div>\n\t\t\t\t<\/div>\n\t\t\t\t<div class=\"elementor-element elementor-element-c6ee25a elementor-widget elementor-widget-text-editor\" data-id=\"c6ee25a\" data-element_type=\"widget\" data-widget_type=\"text-editor.default\">\n\t\t\t\t<div class=\"elementor-widget-container\">\n\t\t\t\t\t\t\t<p><span style=\"font-weight: 400;\">The personal information that we collect is stored in a secured environment. The people that work for us are respectful of the confidentiality of your information.<\/span><\/p><p><span style=\"font-weight: 400;\">To ensure the security of your personal information, we use the following measures:<\/span><\/p><ul><li style=\"font-weight: 400;\" aria-level=\"1\"><span style=\"font-weight: 400;\">Secure Sockets Layer (SSL) protocol<\/span><\/li><li style=\"font-weight: 400;\" aria-level=\"1\"><span style=\"font-weight: 400;\">Network monitoring software<\/span><\/li><li style=\"font-weight: 400;\" aria-level=\"1\"><span style=\"font-weight: 400;\">Information backups<\/span><\/li><li style=\"font-weight: 400;\" aria-level=\"1\"><span style=\"font-weight: 400;\">Usernames \/ passwords<\/span><\/li><li style=\"font-weight: 400;\" aria-level=\"1\"><span style=\"font-weight: 400;\">Firewalls<\/span><\/li><\/ul><p><span style=\"font-weight: 400;\">We are committed to maintaining a high degree of confidentiality by integrating technological innovations that will protect the confidentiality of your transactions.<\/span><\/p><p><span style=\"font-weight: 400;\">However, since no mechanism can provide complete security, a certain level of risk is always present when using the internet to transmit personal information.<\/span><\/p>\t\t\t\t\t\t<\/div>\n\t\t\t\t<\/div>\n\t\t\t\t\t<\/div>\n\t\t\t\t<\/div>\n\t\t\t\t<\/div>\n\t\t","protected":false},"excerpt":{"rendered":"<p>Privacy Policy Introduction During the development of new communication tools, it is necessary to pay special attention to privacy protection. This is why we are committed to respect the confidentiality of the personal information that we collect on the website of Urgences-a\u00een\u00e9s inc \/ Elder-Emergency inc. Personal Information Collected We may collect some or all [&hellip;]<\/p>\n","protected":false},"author":1,"featured_media":0,"parent":0,"menu_order":0,"comment_status":"closed","ping_status":"closed","template":"","meta":{"site-sidebar-layout":"no-sidebar","site-content-layout":"page-builder","ast-site-content-layout":"","site-content-style":"default","site-sidebar-style":"default","ast-global-header-display":"","ast-banner-title-visibility":"","ast-main-header-display":"","ast-hfb-above-header-display":"","ast-hfb-below-header-display":"","ast-hfb-mobile-header-display":"","site-post-title":"disabled","ast-breadcrumbs-content":"disabled","ast-featured-img":"disabled","footer-sml-layout":"","theme-transparent-header-meta":"enabled","adv-header-id-meta":"","stick-header-meta":"","header-above-stick-meta":"","header-main-stick-meta":"","header-below-stick-meta":"","astra-migrate-meta-layouts":"default","ast-page-background-enabled":"default","ast-page-background-meta":{"desktop":{"background-color":"","background-image":"","background-repeat":"repeat","background-position":"center center","background-size":"auto","background-attachment":"scroll","background-type":"","background-media":"","overlay-type":"","overlay-color":"","overlay-opacity":"","overlay-gradient":""},"tablet":{"background-color":"","background-image":"","background-repeat":"repeat","background-position":"center center","background-size":"auto","background-attachment":"scroll","background-type":"","background-media":"","overlay-type":"","overlay-color":"","overlay-opacity":"","overlay-gradient":""},"mobile":{"background-color":"","background-image":"","background-repeat":"repeat","background-position":"center center","background-size":"auto","background-attachment":"scroll","background-type":"","background-media":"","overlay-type":"","overlay-color":"","overlay-opacity":"","overlay-gradient":""}},"ast-content-background-meta":{"desktop":{"background-color":"var(--ast-global-color-5)","background-image":"","background-repeat":"repeat","background-position":"center center","background-size":"auto","background-attachment":"scroll","background-type":"","background-media":"","overlay-type":"","overlay-color":"","overlay-opacity":"","overlay-gradient":""},"tablet":{"background-color":"var(--ast-global-color-5)","background-image":"","background-repeat":"repeat","background-position":"center center","background-size":"auto","background-attachment":"scroll","background-type":"","background-media":"","overlay-type":"","overlay-color":"","overlay-opacity":"","overlay-gradient":""},"mobile":{"background-color":"var(--ast-global-color-5)","background-image":"","background-repeat":"repeat","background-position":"center center","background-size":"auto","background-attachment":"scroll","background-type":"","background-media":"","overlay-type":"","overlay-color":"","overlay-opacity":"","overlay-gradient":""}},"footnotes":""},"class_list":["post-647","page","type-page","status-publish","hentry"],"_links":{"self":[{"href":"https:\/\/urgences-aines.ca\/en\/wp-json\/wp\/v2\/pages\/647","targetHints":{"allow":["GET"]}}],"collection":[{"href":"https:\/\/urgences-aines.ca\/en\/wp-json\/wp\/v2\/pages"}],"about":[{"href":"https:\/\/urgences-aines.ca\/en\/wp-json\/wp\/v2\/types\/page"}],"author":[{"embeddable":true,"href":"https:\/\/urgences-aines.ca\/en\/wp-json\/wp\/v2\/users\/1"}],"replies":[{"embeddable":true,"href":"https:\/\/urgences-aines.ca\/en\/wp-json\/wp\/v2\/comments?post=647"}],"version-history":[{"count":22,"href":"https:\/\/urgences-aines.ca\/en\/wp-json\/wp\/v2\/pages\/647\/revisions"}],"predecessor-version":[{"id":940,"href":"https:\/\/urgences-aines.ca\/en\/wp-json\/wp\/v2\/pages\/647\/revisions\/940"}],"wp:attachment":[{"href":"https:\/\/urgences-aines.ca\/en\/wp-json\/wp\/v2\/media?parent=647"}],"curies":[{"name":"wp","href":"https:\/\/api.w.org\/{rel}","templated":true}]}}